{"id":86,"date":"2023-12-05T15:18:26","date_gmt":"2023-12-05T15:18:26","guid":{"rendered":"https:\/\/b2b001.wpkz.cc\/?page_id=86"},"modified":"2025-06-02T04:05:07","modified_gmt":"2025-06-02T04:05:07","slug":"contact-us","status":"publish","type":"page","link":"https:\/\/kedajammer.com\/pt\/contact-us\/","title":{"rendered":"Contactar-nos"},"content":{"rendered":"<div class=\"wp-block-greenshift-blocks-row gspb_row gspb_row-id-gsbp-26a214c gspb_row--gutter-30\" id=\"gspb_row-id-gsbp-26a214c\"><div class=\"gspb_row__content\"> \n<div class=\"wp-block-greenshift-blocks-row-column gspb_row__col--6 gspb_col-id-gsbp-d37f5ec\" id=\"gspb_col-id-gsbp-d37f5ec\">\n<h2 id=\"gspb_heading-id-gsbp-98a037c\" class=\"gspb_heading gspb_heading-id-gsbp-98a037c\">VAMOS MANTER-NOS EM CONTACTO<span class=\"gspb_heading_subtitle\">Aguardamos o seu contacto!<\/span><\/h2>\n\n\n<div class=\"ct-block-wrapper\">\n<div class=\"ct-contact-info-block\" style=\"--theme-icon-size:20px;--items-direction:column;--background-color:rgba(218, 222, 228, 0.5);--background-hover-color:rgba(218, 222, 228, 0.7);\">\n\t\t<ul data-icons-type=\"rounded:outline\">\n\t\t\t\t\t\t\t\t\t\t\t<li class=\"\">\n\t\t\t\t\t<a href=\"tel:+86%20173%205868%204881\" class=\"ct-icon-container\" aria-label=\"Tel: 028 61812937\" target=\"_blank\" rel=\"noopener noreferrer\"><svg aria-hidden=\"true\" width='15' height='15' viewbox='0 0 15 15'><path d='M12.3 15h-.2c-2.1-.2-4.1-1-5.9-2.1-1.6-1-3.1-2.5-4.1-4.1C1 7 .2 5 0 2.9-.1 1.8.7.8 1.8.7H4c1 0 1.9.7 2 1.7.1.6.2 1.1.4 1.7.3.7.1 1.6-.5 2.1l-.4.4c.7 1.1 1.7 2.1 2.9 2.9l.4-.5c.6-.6 1.4-.7 2.1-.5.6.3 1.1.4 1.7.5 1 .1 1.8 1 1.7 2v2c0 .5-.2 1-.6 1.4-.3.4-.8.6-1.4.6zM4 2.1H2c-.2 0-.3.1-.4.2-.1.1-.1.3-.1.4.2 1.9.8 3.7 1.8 5.3.9 1.5 2.2 2.7 3.7 3.7 1.6 1 3.4 1.7 5.3 1.9.2 0 .3-.1.4-.2.1-.1.2-.2.2-.4v-2c0-.3-.2-.5-.5-.6-.7-.1-1.3-.3-2-.5-.2-.1-.4 0-.6.1l-.8.9c-.2.2-.6.3-.9.1C6.4 10 5 8.6 4 6.9c-.2-.3-.1-.7.1-.9l.8-.8c.2-.2.2-.4.1-.6-.2-.6-.4-1.3-.5-2 0-.3-.2-.5-.5-.5zm7.7 4.5c-.4 0-.7-.2-.7-.6-.2-1-1-1.8-2-2-.4 0-.7-.4-.6-.8.1-.4.5-.7.9-.6 1.6.3 2.8 1.5 3.1 3.1.1.4-.2.8-.6.9h-.1zm2.6 0c-.4 0-.7-.3-.7-.6-.3-2.4-2.2-4.3-4.6-4.5-.4-.1-.7-.5-.6-.9 0-.4.4-.6.8-.6 3.1.3 5.4 2.7 5.8 5.8 0 .4-.3.7-.7.8z'\/><\/svg><\/a>\n\t\t\t\t\t\t\t\t\t\t\t<div class=\"contact-info\">\n\t\t\t\t\t\t\t\t\t\t\t\t\t\t\t<span class=\"contact-title\">\n\t\t\t\t\t\t\t\t\tTel:\t\t\t\t\t\t\t\t<\/span>\n\t\t\t\t\t\t\t\n\t\t\t\t\t\t\t\t\t\t\t\t\t\t\t<span class=\"contact-text\">\n\t\t\t\t\t\t\t\t\t\t\t\t\t\t\t\t\t\t\t<a href=\"tel:+86%20173%205868%204881\" target=\"_blank\" rel=\"noopener noreferrer\">\n\t\t\t\t\t\t\t\t\t\n\t\t\t\t\t\t\t\t\t028 61812937\n\t\t\t\t\t\t\t\t\t\t\t\t\t\t\t\t\t\t\t<\/a>\n\t\t\t\t\t\t\t\t\t\t\t\t\t\t\t\t\t<\/span>\n\t\t\t\t\t\t\t\t\t\t\t\t\t<\/div>\n\t\t\t\t\t\t\t\t\t<\/li>\n\t\t\t\t\t\t\t\t\t\t\t<li class=\"\">\n\t\t\t\t\t<span class=\"ct-icon-container\"><svg aria-hidden=\"true\" width='15' height='15' viewbox='0 0 20 20'><path d='M13.5,20H6.5c-1.6,0-2.9-1.3-2.9-2.9V2.9C3.5,1.3,4.8,0,6.5,0h7.1c1.6,0,2.9,1.3,2.9,2.9v14.1C16.5,18.7,15.2,20,13.5,20zM6.7,1.7C5.8,1.7,5,2.5,5,3.4v13.2c0,0.9,0.7,1.7,1.7,1.7h6.6c0.9,0,1.7-0.7,1.7-1.7V3.4c0-0.9-0.7-1.7-1.7-1.7H6.7z'\/><path d='M11.2,4.4H8.8c-0.3,0-0.6-0.3-0.6-0.6s0.3-0.6,0.6-0.6h2.4c0.3,0,0.6,0.3,0.6,0.6S11.5,4.4,11.2,4.4z'\/><circle cx='10' cy='15.7' r='1.2'\/><\/svg><\/span>\n\t\t\t\t\t\t\t\t\t\t\t<div class=\"contact-info\">\n\t\t\t\t\t\t\t\t\t\t\t\t\t\t\t<span class=\"contact-title\">\n\t\t\t\t\t\t\t\t\tTelem\u00f3vel:\t\t\t\t\t\t\t\t<\/span>\n\t\t\t\t\t\t\t\n\t\t\t\t\t\t\t\t\t\t\t\t\t\t\t<span class=\"contact-text\">\n\t\t\t\t\t\t\t\t\t\n\t\t\t\t\t\t\t\t\t+86 173 5868 4881\n\t\t\t\t\t\t\t\t\t\t\t\t\t\t\t\t\t<\/span>\n\t\t\t\t\t\t\t\t\t\t\t\t\t<\/div>\n\t\t\t\t\t\t\t\t\t<\/li>\n\t\t\t\t\t\t\t\t\t\t\t<li class=\"\">\n\t\t\t\t\t<span class=\"ct-icon-container\"><svg aria-hidden=\"true\" width='15' height='15' viewbox='0 0 20 20'><path d='M17.5,5.8h-1.7v-4V0h-1.7H5.8H4.2v1.8v4H2.5C1.1,5.8,0,7,0,8.3v8.3h4.2V20h11.7v-3.3H20V8.3C20,7,18.9,5.8,17.5,5.8zM5.8,1.8h8.3v4H5.8V1.8zM14.2,18.3H5.8v-5h8.3V18.3zM18.3,15h-2.5v-3.3H4.2V15H1.7V8.3c0-0.5,0.4-0.8,0.8-0.8h15c0.5,0,0.8,0.4,0.8,0.8V15zM4.2,9.2c0,0.5-0.4,0.8-0.8,0.8S2.5,9.6,2.5,9.2s0.4-0.8,0.8-0.8S4.2,8.7,4.2,9.2z'\/><\/svg><\/span>\n\t\t\t\t\t\t\t\t\t\t\t<div class=\"contact-info\">\n\t\t\t\t\t\t\t\t\t\t\t\t\t\t\t<span class=\"contact-title\">\n\t\t\t\t\t\t\t\t\tfax:\t\t\t\t\t\t\t\t<\/span>\n\t\t\t\t\t\t\t\n\t\t\t\t\t\t\t\t\t\t\t\t\t\t\t<span class=\"contact-text\">\n\t\t\t\t\t\t\t\t\t\n\t\t\t\t\t\t\t\t\t028 61812937\n\t\t\t\t\t\t\t\t\t\t\t\t\t\t\t\t\t<\/span>\n\t\t\t\t\t\t\t\t\t\t\t\t\t<\/div>\n\t\t\t\t\t\t\t\t\t<\/li>\n\t\t\t\t\t\t\t\t\t\t\t<li class=\"\">\n\t\t\t\t\t<a href=\"mailto:&#105;nfo&#064;k&#101;&#100;&#097;j&#097;m&#109;e&#114;.&#099;&#111;&#109;\" class=\"ct-icon-container\" aria-label=\"Correio eletr\u00f3nico: info@kedajammer.com\" target=\"_blank\" rel=\"noopener noreferrer\"><svg aria-hidden=\"true\" width='15' height='15' viewbox='0 0 15 15'><path d='M12.8 2.2C11.4.8 9.5 0 7.5 0S3.6.8 2.2 2.2C.8 3.6 0 5.5 0 7.5 0 11.6 3.4 15 7.5 15c1.6 0 3.3-.5 4.6-1.5.3-.2.4-.7.1-1-.2-.3-.7-.4-1-.1-1.1.8-2.4 1.3-3.7 1.3-3.4 0-6.1-2.8-6.1-6.1 0-1.6.6-3.2 1.8-4.3C4.3 2 5.9 1.4 7.5 1.4c1.6 0 3.2.6 4.3 1.8 1.2 1.2 1.8 2.7 1.8 4.3v.7c0 .8-.6 1.4-1.4 1.4s-1.4-.6-1.4-1.4V4.8c0-.4-.3-.7-.7-.7-.4 0-.7.3-.7.7-.4-.4-1.1-.7-1.9-.7-1.9 0-3.4 1.5-3.4 3.4s1.5 3.4 3.4 3.4c1 0 1.9-.5 2.5-1.2.5.7 1.3 1.2 2.2 1.2 1.5 0 2.7-1.2 2.7-2.7v-.7c.1-2-.7-3.9-2.1-5.3zM7.5 9.5c-1.1 0-2-.9-2-2s.9-2 2-2 2 .9 2 2-.9 2-2 2z'\/><\/svg><\/a>\n\t\t\t\t\t\t\t\t\t\t\t<div class=\"contact-info\">\n\t\t\t\t\t\t\t\t\t\t\t\t\t\t\t<span class=\"contact-title\">\n\t\t\t\t\t\t\t\t\tCorreio eletr\u00f3nico:\t\t\t\t\t\t\t\t<\/span>\n\t\t\t\t\t\t\t\n\t\t\t\t\t\t\t\t\t\t\t\t\t\t\t<span class=\"contact-text\">\n\t\t\t\t\t\t\t\t\t\t\t\t\t\t\t\t\t\t\t<a href=\"mailto:&#105;nfo&#064;k&#101;&#100;&#097;j&#097;m&#109;e&#114;.&#099;&#111;&#109;\" target=\"_blank\" rel=\"noopener noreferrer\">info@kedajammer.com<\/a>\n\t\t\t\t\t\t\t\t\t\t\t\t\t\t\t\t\t<\/span>\n\t\t\t\t\t\t\t\t\t\t\t\t\t<\/div>\n\t\t\t\t\t\t\t\t\t<\/li>\n\t\t\t\t\t\t\t\t\t\t\t<li class=\"\">\n\t\t\t\t\t<span class=\"ct-icon-container\"><svg aria-hidden=\"true\" width='15' height='15' viewbox='0 0 15 15'><path d='M7.5,0C3.4,0,0,3.4,0,7.5S3.4,15,7.5,15S15,11.6,15,7.5S11.6,0,7.5,0z M7.5,13.6c-3.4,0-6.1-2.8-6.1-6.1c0-3.4,2.8-6.1,6.1-6.1c3.4,0,6.1,2.8,6.1,6.1C13.6,10.9,10.9,13.6,7.5,13.6z M10.8,9.2c-0.1,0.2-0.4,0.4-0.6,0.4c-0.1,0-0.2,0-0.3-0.1L7.2,8.1C7,8,6.8,7.8,6.8,7.5V4c0-0.4,0.3-0.7,0.7-0.7S8.2,3.6,8.2,4v3.1l2.4,1.2C10.9,8.4,11,8.8,10.8,9.2z'\/><\/svg><\/span>\n\t\t\t\t\t\t\t\t\t\t\t<div class=\"contact-info\">\n\t\t\t\t\t\t\t\t\t\t\t\t\t\t\t<span class=\"contact-title\">\n\t\t\t\t\t\t\t\t\tHor\u00e1rio de funcionamento:\t\t\t\t\t\t\t\t<\/span>\n\t\t\t\t\t\t\t\n\t\t\t\t\t\t\t\t\t\t\t\t\t\t\t<span class=\"contact-text\">\n\t\t\t\t\t\t\t\t\t\n\t\t\t\t\t\t\t\t\tSegunda-feira a sexta-feira (9h - 17h)\n\t\t\t\t\t\t\t\t\t\t\t\t\t\t\t\t\t<\/span>\n\t\t\t\t\t\t\t\t\t\t\t\t\t<\/div>\n\t\t\t\t\t\t\t\t\t<\/li>\n\t\t\t\t\t\t\t\t\t\t\t<li class=\"\">\n\t\t\t\t\t<span class=\"ct-icon-container\"><svg aria-hidden=\"true\" width='15' height='15' viewbox='0 0 15 15'><path d='M7.5,0C4.05365,0,1.25,2.80365,1.25,6.25c0,4.65576,5.66223,8.4845,5.90332,8.64502.10498.07019.22583.10498.34668.10498s.2417-.03479.34668-.10498c.24109-.16052,5.90332-3.98926,5.90332-8.64502,0-3.44635-2.80396-6.25-6.25-6.25ZM7.5,13.60657c-1.18561-.87952-5-3.97339-5-7.35657C2.5,3.49304,4.74304,1.25,7.5,1.25s5,2.24304,5,5c0,3.38318-3.81409,6.47705-5,7.35657ZM7.5,3.75c-1.37848,0-2.5,1.12152-2.5,2.5,0,1.37878,1.12152,2.5,2.5,2.5,1.37878,0,2.5-1.12122,2.5-2.5,0-1.37848-1.12122-2.5-2.5-2.5ZM7.5,7.5c-.68939,0-1.25-.56061-1.25-1.25s.56061-1.25,1.25-1.25c.68909,0,1.25.56061,1.25,1.25s-.56091,1.25-1.25,1.25Z'\/><\/svg><\/span>\n\t\t\t\t\t\t\t\t\t\t\t<div class=\"contact-info\">\n\t\t\t\t\t\t\t\t\t\t\t\t\t\t\t<span class=\"contact-title\">\n\t\t\t\t\t\t\t\t\tEndere\u00e7o:\t\t\t\t\t\t\t\t<\/span>\n\t\t\t\t\t\t\t\n\t\t\t\t\t\t\t\t\t\t\t\t\t\t\t<span class=\"contact-text\">\n\t\t\t\t\t\t\t\t\t\n\t\t\t\t\t\t\t\t\tNo. 98, Tiancai Road, High-tech West District, Chengdu, prov\u00edncia de Sichuan\n\t\t\t\t\t\t\t\t\t\t\t\t\t\t\t\t\t<\/span>\n\t\t\t\t\t\t\t\t\t\t\t\t\t<\/div>\n\t\t\t\t\t\t\t\t\t<\/li>\n\t\t\t\t\t<\/ul>\n\n\t\t<\/div>\n<\/div><\/div>\n\n\n\n<div class=\"wp-block-greenshift-blocks-row-column gspb_row__col--6 gspb_col-id-gsbp-c1745f4\" id=\"gspb_col-id-gsbp-c1745f4\">\n<h2 id=\"gspb_heading-id-gsbp-738882f\" class=\"gspb_heading gspb_heading-id-gsbp-738882f\">ENVIAR-NOS UMA MENSAGEM DE CORREIO ELECTR\u00d3NICO<span class=\"gspb_heading_subtitle\">N\u00e3o hesite em enviar-nos uma mensagem de correio eletr\u00f3nico e responder-lhe-emos o mais rapidamente poss\u00edvel.<\/span><\/h2>\n\n\n<div class='fluentform ff-inherit-theme-style fluentform_wrapper_1  ff_guten_block ff_guten_block-1'><form data-form_id=\"1\" id=\"fluentform_1\" class=\"frm-fluent-form fluent_form_1 ff-el-form-top ff_form_instance_1_1 ff-form-loading ffs_inherit_theme\" data-form_instance=\"ff_form_instance_1_1\" method=\"POST\" action=\"\" ><fieldset  style=\"border: none!important;margin: 0!important;padding: 0!important;background-color: transparent!important;box-shadow: none!important;outline: none!important; min-inline-size: 100%;\">\n                    <legend class=\"ff_screen_reader_title\" style=\"display: block; margin: 0!important;padding: 0!important;height: 0!important;text-indent: -999999px;width: 0!important;overflow:hidden;\">Formul\u00e1rio de contacto<\/legend>        <div\n                style=\"display: none!important; position: absolute!important; transform: translateX(1000%)!important;\"\n                class=\"ff-el-group ff-hpsf-container\"\n        >\n            <div class=\"ff-el-input--label asterisk-right\">\n                <label for=\"ff_1_item_sf\" aria-label=\"Actualiza\u00e7\u00f5es\">\n                    Actualiza\u00e7\u00f5es                <\/label>\n            <\/div>\n            <div class=\"ff-el-input--content\">\n                <input type=\"text\"\n                       name=\"item_1__fluent_sf\"\n                       class=\"ff-el-form-control\"\n                       id=\"ff_1_item_sf\"\n                \/>\n            <\/div>\n        <\/div>\n        <input type='hidden' name='__fluent_form_embded_post_id' value='86' \/><input type=\"hidden\" id=\"_fluentform_1_fluentformnonce\" name=\"_fluentform_1_fluentformnonce\" value=\"85fa7b5f95\" \/><input type=\"hidden\" name=\"_wp_http_referer\" value=\"\/pt\/wp-json\/wp\/v2\/pages\/86\" \/><div data-type=\"name-element\" data-name=\"names\" class=\"ff-field_container ff-name-field-wrapper\" ><div class='ff-t-container'><div class='ff-t-cell'><div class='ff-el-group  ff-el-form-hide_label'><div class=\"ff-el-input--label ff-el-is-required asterisk-right\"><label for='ff_1_names_first_name_' id='label_ff_1_names_first_name_' >Nome<\/label><\/div><div class='ff-el-input--content'><input type=\"text\" name=\"names[first_name]\" id=\"ff_1_names_first_name_\" class=\"ff-el-form-control\" placeholder=\"* Nome\" tabindex=\"1\" aria-invalid=\"false\" aria-required=\"true\"><\/div><\/div><\/div><\/div><\/div><div class='ff-el-group ff-el-form-hide_label'><div class=\"ff-el-input--label ff-el-is-required asterisk-right\"><label for='ff_1_email' id='label_ff_1_email' aria-label=\"Correio eletr\u00f3nico\">Correio eletr\u00f3nico<\/label><\/div><div class='ff-el-input--content'><input type=\"email\" name=\"email\" id=\"ff_1_email\" class=\"ff-el-form-control\" placeholder=\"* Endere\u00e7o de correio eletr\u00f3nico\" data-name=\"email\" tabindex=\"2\"  aria-invalid=\"false\" aria-required=\"true\"><\/div><\/div><div class='ff-el-group ff-el-form-hide_label'><div class=\"ff-el-input--label asterisk-right\"><label for='ff_1_subject' id='label_ff_1_subject' aria-label=\"Telefone\">Telefone<\/label><\/div><div class='ff-el-input--content'><input type=\"text\" name=\"subject\" class=\"ff-el-form-control\" placeholder=\"Telefone\/WhastApp\/Wechat\" data-name=\"subject\" tabindex=\"3\" id=\"ff_1_subject\"  aria-invalid=\"false\" aria-required=\"false\"><\/div><\/div><div class='ff-el-group ff-el-form-hide_label'><div class=\"ff-el-input--label ff-el-is-required asterisk-right\"><label for='ff_1_message' id='label_ff_1_message' aria-label=\"A sua mensagem\">A sua mensagem<\/label><\/div><div class='ff-el-input--content'><textarea aria-required=\"true\" aria-labelledby=\"label_ff_1_message\" name=\"message\" id=\"ff_1_message\" class=\"ff-el-form-control\" placeholder=\"* A sua mensagem\" rows=\"4\" cols=\"2\" data-name=\"message\" tabindex=\"4\" ><\/textarea><\/div><\/div><div class='ff-el-group ff-text-left ff_submit_btn_wrapper'><button type=\"submit\" class=\"ff-btn ff-btn-submit ff-btn-md ff_btn_no_style\" tabindex=\"5\"  aria-label=\"ENVIAR\">ENVIAR<\/button><\/div><\/fieldset><input type=\"hidden\" name=\"trp-form-language\" value=\"pt\"\/><\/form><div id='fluentform_1_errors' class='ff-errors-in-stack ff_form_instance_1_1 ff-form-loading_errors ff_form_instance_1_1_errors'><\/div><\/div>            <script type=\"text\/javascript\">\n                window.fluent_form_ff_form_instance_1_1 = {\"id\":\"1\",\"settings\":{\"layout\":{\"labelPlacement\":\"top\",\"helpMessagePlacement\":\"with_label\",\"errorMessagePlacement\":\"inline\",\"cssClassName\":\"\",\"asteriskPlacement\":\"asterisk-right\"},\"restrictions\":{\"denyEmptySubmission\":{\"enabled\":false}}},\"form_instance\":\"ff_form_instance_1_1\",\"form_id_selector\":\"fluentform_1\",\"rules\":{\"names[first_name]\":{\"required\":{\"value\":true,\"message\":\"This field is required\",\"global\":false,\"global_message\":\"This field is required\"}},\"names[middle_name]\":{\"required\":{\"value\":false,\"message\":\"This field is required\",\"global\":false,\"global_message\":\"This field is required\"}},\"names[last_name]\":{\"required\":{\"value\":false,\"message\":\"This field is required\",\"global\":false,\"global_message\":\"This field is required\"}},\"email\":{\"required\":{\"value\":true,\"message\":\"This field is required\",\"global\":false,\"global_message\":\"This field is required\"},\"email\":{\"value\":true,\"message\":\"This field must contain a valid email\",\"global\":false,\"global_message\":\"This field must contain a valid email\"}},\"subject\":{\"required\":{\"value\":false,\"message\":\"This field is required\",\"global\":false,\"global_message\":\"This field is required\"}},\"message\":{\"required\":{\"value\":true,\"message\":\"This field is required\",\"global\":false,\"global_message\":\"This field is required\"}}},\"debounce_time\":300};\n                            <\/script>\n            <\/div>\n <\/div><\/div>\n\n\n\n<div class=\"wp-block-greenshift-blocks-row gspb_row gspb_row-id-gsbp-90b1a0d\" id=\"gspb_row-id-gsbp-90b1a0d\"><div class=\"gspb_row__content\"> \n<div class=\"wp-block-greenshift-blocks-row-column gspb_row__col--12 gspb_col-id-gsbp-0317467\" id=\"gspb_col-id-gsbp-0317467\">\n<iframe src=\"https:\/\/www.google.com\/maps\/embed?pb=!1m17!1m12!1m3!1d3428.5756309527555!2d103.91009934117811!3d30.758419732023825!2m3!1f0!2f0!3f0!3m2!1i1024!2i768!4f13.1!3m2!1m1!2zMzDCsDQ1JzMwLjMiTiAxMDPCsDU0JzQxLjkiRQ!5e0!3m2!1sen!2suk!4v1748833454131!5m2!1sen!2suk\" width=\"100%\" height=\"600\" style=\"border:0;\" allowfullscreen=\"\" loading=\"lazy\" referrerpolicy=\"no-referrer-when-downgrade\"><\/iframe>\n<\/div>\n <\/div><\/div>","protected":false},"excerpt":{"rendered":"","protected":false},"author":1,"featured_media":0,"parent":0,"menu_order":0,"comment_status":"closed","ping_status":"closed","template":"","meta":{"_acf_changed":false,"_gspb_post_css":"#gspb_row-id-gsbp-26a214c{justify-content:space-between;margin-top:0;margin-bottom:0;display:flex;flex-wrap:wrap}#gspb_row-id-gsbp-26a214c>.gspb_row__content{display:flex;justify-content:space-between;margin:0 auto;width:100%;flex-wrap:wrap}.gspb_row{position:relative}div[id^=gspb_col-id]{box-sizing:border-box;position:relative;padding:var(--gs-row-column-padding, 15px min(3vw, 20px))}#gspb_col-id-gsbp-d37f5ec.gspb_row__col--6{width:calc(50% - 15px)}@media (max-width:991.98px){#gspb_col-id-gsbp-d37f5ec.gspb_row__col--6{width:calc(50% - 15px)}}@media (max-width:767.98px){#gspb_col-id-gsbp-d37f5ec.gspb_row__col--6{width:calc(50% - 15px)}}@media (max-width:575.98px){#gspb_col-id-gsbp-d37f5ec.gspb_row__col--6{width:100%}}.gspb_row #gspb_col-id-gsbp-0317467.gspb_row__col--12,.gspb_row #gspb_col-id-gsbp-c1745f4.gspb_row__col--6,.gspb_row #gspb_col-id-gsbp-d37f5ec.gspb_row__col--6{padding-right:0;padding-left:0}#gspb_heading-id-gsbp-98a037c{margin-top:0;margin-bottom:30px}#gspb_heading-id-gsbp-98a037c .gspb_heading_subtitle,#gspb_subheading-id-gsbp-98a037c{display:block;font-size:17px;line-height:22px;margin-top:5px;font-weight:400!important}#gspb_col-id-gsbp-c1745f4.gspb_row__col--6{width:calc(50% - 15px)}@media (max-width:991.98px){#gspb_col-id-gsbp-c1745f4.gspb_row__col--6{width:calc(50% - 15px)}}@media (max-width:767.98px){#gspb_col-id-gsbp-c1745f4.gspb_row__col--6{width:calc(50% - 15px)}}@media (max-width:575.98px){#gspb_col-id-gsbp-c1745f4.gspb_row__col--6{width:100%}}#gspb_heading-id-gsbp-738882f{margin-top:0;margin-bottom:30px}#gspb_heading-id-gsbp-738882f .gspb_heading_subtitle,#gspb_subheading-id-gsbp-738882f{display:block;font-size:17px;line-height:22px;margin-top:5px;font-weight:400!important}#gspb_row-id-gsbp-90b1a0d{justify-content:space-between;margin-top:0;margin-bottom:0;display:flex;flex-wrap:wrap}#gspb_row-id-gsbp-90b1a0d>.gspb_row__content{display:flex;justify-content:space-between;margin:0 auto;width:100%;flex-wrap:wrap}body.gspb-bodyfront #gspb_row-id-gsbp-26a214c>.gspb_row__content,body.gspb-bodyfront #gspb_row-id-gsbp-90b1a0d>.gspb_row__content{width:var(--theme-container-width, 1200px);max-width:var(--theme-normal-container-max-width, 1200px)}#gspb_col-id-gsbp-0317467.gspb_row__col--12{width:100%}@media (max-width:575.98px){#gspb_col-id-gsbp-0317467.gspb_row__col--12{width:100%}}","footnotes":""},"class_list":["post-86","page","type-page","status-publish","hentry"],"blocksy_meta":[],"yoast_head":"<!-- This site is optimized with the Yoast SEO plugin v25.2 - https:\/\/yoast.com\/wordpress\/plugins\/seo\/ -->\n<title>Contact KEDA, China Drone Jammer Manufacturer &amp; Supplier<\/title>\n<meta name=\"description\" content=\"Reach out to KEDA for expert drone jammer and detection solutions. Call, email, or visit our Chengdu office. OEM\/ODM support available.\" \/>\n<meta name=\"robots\" content=\"index, follow, max-snippet:-1, max-image-preview:large, max-video-preview:-1\" \/>\n<link rel=\"canonical\" href=\"https:\/\/kedajammer.com\/pt\/contact-us\/\" \/>\n<meta property=\"og:locale\" content=\"pt_PT\" \/>\n<meta property=\"og:type\" content=\"article\" \/>\n<meta property=\"og:title\" content=\"Contact KEDA, China Drone Jammer Manufacturer &amp; Supplier\" \/>\n<meta property=\"og:description\" content=\"Reach out to KEDA for expert drone jammer and detection solutions. Call, email, or visit our Chengdu office. OEM\/ODM support available.\" \/>\n<meta property=\"og:url\" content=\"https:\/\/kedajammer.com\/pt\/contact-us\/\" \/>\n<meta property=\"og:site_name\" content=\"China drone jammer gun-anti drone jammer\" \/>\n<meta property=\"article:modified_time\" content=\"2025-06-02T04:05:07+00:00\" \/>\n<meta name=\"twitter:card\" content=\"summary_large_image\" \/>\n<meta name=\"twitter:label1\" content=\"Tempo estimado de leitura\" \/>\n\t<meta name=\"twitter:data1\" content=\"1 minuto\" \/>\n<script type=\"application\/ld+json\" class=\"yoast-schema-graph\">{\"@context\":\"https:\/\/schema.org\",\"@graph\":[{\"@type\":\"WebPage\",\"@id\":\"https:\/\/kedajammer.com\/es\/contact-us\/\",\"url\":\"https:\/\/kedajammer.com\/es\/contact-us\/\",\"name\":\"Contact KEDA, China Drone Jammer Manufacturer & Supplier\",\"isPartOf\":{\"@id\":\"https:\/\/www.lemonchiffon-rail-350990.hostingersite.com\/ru\/#website\"},\"datePublished\":\"2023-12-05T15:18:26+00:00\",\"dateModified\":\"2025-06-02T04:05:07+00:00\",\"description\":\"Reach out to KEDA for expert drone jammer and detection solutions. Call, email, or visit our Chengdu office. OEM\/ODM support available.\",\"breadcrumb\":{\"@id\":\"https:\/\/kedajammer.com\/es\/contact-us\/#breadcrumb\"},\"inLanguage\":\"pt-PT\",\"potentialAction\":[{\"@type\":\"ReadAction\",\"target\":[\"https:\/\/kedajammer.com\/es\/contact-us\/\"]}]},{\"@type\":\"BreadcrumbList\",\"@id\":\"https:\/\/kedajammer.com\/es\/contact-us\/#breadcrumb\",\"itemListElement\":[{\"@type\":\"ListItem\",\"position\":1,\"name\":\"\u9996\u9875\",\"item\":\"https:\/\/www.lemonchiffon-rail-350990.hostingersite.com\/ru\/\"},{\"@type\":\"ListItem\",\"position\":2,\"name\":\"Contact Us\"}]},{\"@type\":\"WebSite\",\"@id\":\"https:\/\/www.lemonchiffon-rail-350990.hostingersite.com\/ru\/#website\",\"url\":\"https:\/\/www.lemonchiffon-rail-350990.hostingersite.com\/ru\/\",\"name\":\"China drone jammer gun-anti drone jammer\",\"description\":\"kedajammer China drone jammer gun-anti drone jammer\",\"publisher\":{\"@id\":\"https:\/\/www.lemonchiffon-rail-350990.hostingersite.com\/ru\/#organization\"},\"potentialAction\":[{\"@type\":\"SearchAction\",\"target\":{\"@type\":\"EntryPoint\",\"urlTemplate\":\"https:\/\/www.lemonchiffon-rail-350990.hostingersite.com\/ru\/?s={search_term_string}\"},\"query-input\":{\"@type\":\"PropertyValueSpecification\",\"valueRequired\":true,\"valueName\":\"search_term_string\"}}],\"inLanguage\":\"pt-PT\"},{\"@type\":\"Organization\",\"@id\":\"https:\/\/www.lemonchiffon-rail-350990.hostingersite.com\/ru\/#organization\",\"name\":\"China drone jammer gun-anti drone jammer\",\"url\":\"https:\/\/www.lemonchiffon-rail-350990.hostingersite.com\/ru\/\",\"logo\":{\"@type\":\"ImageObject\",\"inLanguage\":\"pt-PT\",\"@id\":\"https:\/\/www.lemonchiffon-rail-350990.hostingersite.com\/ru\/#\/schema\/logo\/image\/\",\"url\":\"https:\/\/kedajammer.com\/wp-content\/uploads\/2025\/05\/company-LOGO.jpeg\",\"contentUrl\":\"https:\/\/kedajammer.com\/wp-content\/uploads\/2025\/05\/company-LOGO.jpeg\",\"width\":4140,\"height\":1072,\"caption\":\"China drone jammer gun-anti drone jammer\"},\"image\":{\"@id\":\"https:\/\/www.lemonchiffon-rail-350990.hostingersite.com\/ru\/#\/schema\/logo\/image\/\"}}]}<\/script>\n<!-- \/ Yoast SEO plugin. -->","yoast_head_json":{"title":"Contacto KEDA, China Drone Jammer Fabricante e fornecedor","description":"Contacte a KEDA para obter solu\u00e7\u00f5es especializadas de interfer\u00eancia e dete\u00e7\u00e3o de drones. Ligue, envie um e-mail ou visite nosso escrit\u00f3rio em Chengdu. Suporte OEM\/ODM dispon\u00edvel.","robots":{"index":"index","follow":"follow","max-snippet":"max-snippet:-1","max-image-preview":"max-image-preview:large","max-video-preview":"max-video-preview:-1"},"canonical":"https:\/\/kedajammer.com\/pt\/contact-us\/","og_locale":"pt_PT","og_type":"article","og_title":"Contact KEDA, China Drone Jammer Manufacturer & Supplier","og_description":"Reach out to KEDA for expert drone jammer and detection solutions. Call, email, or visit our Chengdu office. OEM\/ODM support available.","og_url":"https:\/\/kedajammer.com\/pt\/contact-us\/","og_site_name":"China drone jammer gun-anti drone jammer","article_modified_time":"2025-06-02T04:05:07+00:00","twitter_card":"summary_large_image","twitter_misc":{"Tempo estimado de leitura":"1 minuto"},"schema":{"@context":"https:\/\/schema.org","@graph":[{"@type":"WebPage","@id":"https:\/\/kedajammer.com\/es\/contact-us\/","url":"https:\/\/kedajammer.com\/es\/contact-us\/","name":"Contacto KEDA, China Drone Jammer Fabricante e fornecedor","isPartOf":{"@id":"https:\/\/www.lemonchiffon-rail-350990.hostingersite.com\/ru\/#website"},"datePublished":"2023-12-05T15:18:26+00:00","dateModified":"2025-06-02T04:05:07+00:00","description":"Contacte a KEDA para obter solu\u00e7\u00f5es especializadas de interfer\u00eancia e dete\u00e7\u00e3o de drones. Ligue, envie um e-mail ou visite nosso escrit\u00f3rio em Chengdu. Suporte OEM\/ODM dispon\u00edvel.","breadcrumb":{"@id":"https:\/\/kedajammer.com\/es\/contact-us\/#breadcrumb"},"inLanguage":"pt-PT","potentialAction":[{"@type":"ReadAction","target":["https:\/\/kedajammer.com\/es\/contact-us\/"]}]},{"@type":"BreadcrumbList","@id":"https:\/\/kedajammer.com\/es\/contact-us\/#breadcrumb","itemListElement":[{"@type":"ListItem","position":1,"name":"\u9996\u9875","item":"https:\/\/www.lemonchiffon-rail-350990.hostingersite.com\/ru\/"},{"@type":"ListItem","position":2,"name":"Contact Us"}]},{"@type":"WebSite","@id":"https:\/\/www.lemonchiffon-rail-350990.hostingersite.com\/ru\/#website","url":"https:\/\/www.lemonchiffon-rail-350990.hostingersite.com\/ru\/","name":"Canh\u00e3o bloqueador de drones da China - bloqueador anti-rones","description":"kedajammer China bloqueador de drones arma-anti bloqueador de drones","publisher":{"@id":"https:\/\/www.lemonchiffon-rail-350990.hostingersite.com\/ru\/#organization"},"potentialAction":[{"@type":"SearchAction","target":{"@type":"EntryPoint","urlTemplate":"https:\/\/www.lemonchiffon-rail-350990.hostingersite.com\/ru\/?s={search_term_string}"},"query-input":{"@type":"PropertyValueSpecification","valueRequired":true,"valueName":"search_term_string"}}],"inLanguage":"pt-PT"},{"@type":"Organization","@id":"https:\/\/www.lemonchiffon-rail-350990.hostingersite.com\/ru\/#organization","name":"Canh\u00e3o bloqueador de drones da China - bloqueador anti-rones","url":"https:\/\/www.lemonchiffon-rail-350990.hostingersite.com\/ru\/","logo":{"@type":"ImageObject","inLanguage":"pt-PT","@id":"https:\/\/www.lemonchiffon-rail-350990.hostingersite.com\/ru\/#\/schema\/logo\/image\/","url":"https:\/\/kedajammer.com\/wp-content\/uploads\/2025\/05\/company-LOGO.jpeg","contentUrl":"https:\/\/kedajammer.com\/wp-content\/uploads\/2025\/05\/company-LOGO.jpeg","width":4140,"height":1072,"caption":"China drone jammer gun-anti drone jammer"},"image":{"@id":"https:\/\/www.lemonchiffon-rail-350990.hostingersite.com\/ru\/#\/schema\/logo\/image\/"}}]}},"acf":[],"_links":{"self":[{"href":"https:\/\/kedajammer.com\/pt\/wp-json\/wp\/v2\/pages\/86","targetHints":{"allow":["GET"]}}],"collection":[{"href":"https:\/\/kedajammer.com\/pt\/wp-json\/wp\/v2\/pages"}],"about":[{"href":"https:\/\/kedajammer.com\/pt\/wp-json\/wp\/v2\/types\/page"}],"author":[{"embeddable":true,"href":"https:\/\/kedajammer.com\/pt\/wp-json\/wp\/v2\/users\/1"}],"replies":[{"embeddable":true,"href":"https:\/\/kedajammer.com\/pt\/wp-json\/wp\/v2\/comments?post=86"}],"version-history":[{"count":7,"href":"https:\/\/kedajammer.com\/pt\/wp-json\/wp\/v2\/pages\/86\/revisions"}],"predecessor-version":[{"id":1919,"href":"https:\/\/kedajammer.com\/pt\/wp-json\/wp\/v2\/pages\/86\/revisions\/1919"}],"wp:attachment":[{"href":"https:\/\/kedajammer.com\/pt\/wp-json\/wp\/v2\/media?parent=86"}],"curies":[{"name":"wp","href":"https:\/\/api.w.org\/{rel}","templated":true}]}}